{"id":108,"date":"2021-11-29T13:59:02","date_gmt":"2021-11-29T12:59:02","guid":{"rendered":"https:\/\/www.strandplan.se\/?page_id=108"},"modified":"2021-12-04T07:43:38","modified_gmt":"2021-12-04T06:43:38","slug":"hem-2","status":"publish","type":"page","link":"https:\/\/www.strandplan.se\/","title":{"rendered":"HEM"},"content":{"rendered":"<div id='layer_slider_1'  class='avia-layerslider main_color avia-shadow  avia-builder-el-0  el_before_av_layerslider  avia-builder-el-first  container_wrap fullsize'  style='height: 401px; max-width: 1000px; margin: 0 auto;'  ><\/div>\n\n<style type=\"text\/css\" data-created_by=\"avia_inline_auto\" id=\"style-css-av-av_three_fifth-d3367839b90fa10d0091ac185a66b338\">\n.flex_column.av-av_three_fifth-d3367839b90fa10d0091ac185a66b338{\nborder-radius:0px 0px 0px 0px;\n-webkit-border-radius:0px 0px 0px 0px;\n-moz-border-radius:0px 0px 0px 0px;\n}\n<\/style>\n<div class='flex_column av-av_three_fifth-d3367839b90fa10d0091ac185a66b338 av_three_fifth first flex_column_div av-zero-column-padding '   ><section  class='av_textblock_section av-av_textblock-32af9c344aeda5838e62bcf702809feb '  itemscope=\"itemscope\" itemtype=\"https:\/\/schema.org\/CreativeWork\" ><div class='avia_textblock '  itemprop=\"text\" ><h1 style=\"text-transform: none; color: #000000; font-size: 34px; letter-spacing: -1px;\"><strong>Morgonkaffe p\u00e5 terrassen?<\/h1>\n<\/div><\/section><br \/>\n<section  class='av_textblock_section av-av_textblock-32af9c344aeda5838e62bcf702809feb '  itemscope=\"itemscope\" itemtype=\"https:\/\/schema.org\/CreativeWork\" ><div class='avia_textblock '  itemprop=\"text\" ><h4 style=\"text-transform: none; font-size: 20px; letter-spacing: 0px;\"><strong>Ett av Stenungsunds b\u00e4sta l\u00e4gen st\u00e5r nu redo f\u00f6r anpassning till r\u00f6relser som kan vara till exempel en konsultfirma, revisionsbyr\u00e5 eller arkitekt<\/h4>\n<\/div><\/section><br \/>\n<section  class='av_textblock_section av-av_textblock-401a0a9ab61b63ed666da6dea3082219 '  itemscope=\"itemscope\" itemtype=\"https:\/\/schema.org\/CreativeWork\" ><div class='avia_textblock t1 '  itemprop=\"text\" ><p>P\u00e5 \u00f6versta v\u00e5ningen i ett av husen p\u00e5 Strandplan finns det ungef\u00e4r 308 m\u00b2 som \u00e4nnu \u00e4r oinrett och d\u00e4rf\u00f6r kan anpassas helt efter er verksamhet. Fr\u00e5n lokalen finns utg\u00e5ng till en terrass som kan anv\u00e4ndas till s\u00e5v\u00e4l frukostm\u00f6ten som en avkopplande stund i solen. Det finns ocks\u00e5 attraktiva ytor fr\u00e5n 140 m\u00b2 i omr\u00e5det p\u00e5 v\u00e5ning 1-2. Strandplan passar helt enkelt verksamheten som vill erbjuda b\u00e5de kunder och personal lokaler som \u00e4r n\u00e5got ut\u00f6ver det vanliga. <a href=\"mailto:martin@masetek.se\">V\u00e4lkommen att kontakta oss f\u00f6r visning!<\/a><\/p>\n<\/div><\/section><br \/>\n\n<style type=\"text\/css\" data-created_by=\"avia_inline_auto\" id=\"style-css-av-av_hr-35d53d7be2491954ac97ecc375137ffb\">\n#top .hr.hr-invisible.av-av_hr-35d53d7be2491954ac97ecc375137ffb{\nheight:15px;\n}\n<\/style>\n<div  class='hr av-av_hr-35d53d7be2491954ac97ecc375137ffb hr-invisible '><span class='hr-inner '><span class=\"hr-inner-style\"><\/span><\/span><\/div><br \/>\n\n<style type=\"text\/css\" data-created_by=\"avia_inline_auto\" id=\"style-css-av-av_image-a9763e9df07ec490e060c988606acba3\">\n.avia-image-container.av-av_image-a9763e9df07ec490e060c988606acba3 .av-image-caption-overlay-center{\ncolor:#ffffff;\n}\n<\/style>\n<div  class='avia-image-container av-av_image-a9763e9df07ec490e060c988606acba3 av-styling- avia-align-center '  itemprop=\"image\" itemscope=\"itemscope\" itemtype=\"https:\/\/schema.org\/ImageObject\" ><div class=\"avia-image-container-inner\"><div class=\"avia-image-overlay-wrap\"><img class='wp-image-156 avia-img-lazy-loading-not-156 avia_image' src=\"https:\/\/www.strandplan.se\/wp-content\/uploads\/2021\/12\/plan3_20211202-1030x414.jpg\" alt='' title=''  height=\"414\" width=\"1030\"  itemprop=\"thumbnailUrl\" srcset=\"https:\/\/www.strandplan.se\/wp-content\/uploads\/2021\/12\/plan3_20211202-1030x414.jpg 1030w, https:\/\/www.strandplan.se\/wp-content\/uploads\/2021\/12\/plan3_20211202-300x121.jpg 300w, https:\/\/www.strandplan.se\/wp-content\/uploads\/2021\/12\/plan3_20211202-768x309.jpg 768w, https:\/\/www.strandplan.se\/wp-content\/uploads\/2021\/12\/plan3_20211202-1536x618.jpg 1536w, https:\/\/www.strandplan.se\/wp-content\/uploads\/2021\/12\/plan3_20211202-2048x824.jpg 2048w, https:\/\/www.strandplan.se\/wp-content\/uploads\/2021\/12\/plan3_20211202-1500x604.jpg 1500w, https:\/\/www.strandplan.se\/wp-content\/uploads\/2021\/12\/plan3_20211202-705x284.jpg 705w\" sizes=\"(max-width: 1030px) 100vw, 1030px\" \/><\/div><\/div><\/div><br \/>\n\n<style type=\"text\/css\" data-created_by=\"avia_inline_auto\" id=\"style-css-av-av_hr-af89a52d51412774536fa272e468f7cd\">\n#top .hr.hr-invisible.av-av_hr-af89a52d51412774536fa272e468f7cd{\nheight:30px;\n}\n<\/style>\n<div  class='hr av-av_hr-af89a52d51412774536fa272e468f7cd hr-invisible '><span class='hr-inner '><span class=\"hr-inner-style\"><\/span><\/span><\/div><br \/>\n<section  class='av_textblock_section av-av_textblock-32af9c344aeda5838e62bcf702809feb '  itemscope=\"itemscope\" itemtype=\"https:\/\/schema.org\/CreativeWork\" ><div class='avia_textblock '  itemprop=\"text\" ><h1 style=\"text-transform: none; color: #000000; font-size: 34px; letter-spacing: -1px;\"><strong>Fr\u00e5n Strandplan \u00e4r det n\u00e4ra till allt<\/strong><\/h1>\n<\/div><\/section><br \/>\n\n<style type=\"text\/css\" data-created_by=\"avia_inline_auto\" id=\"style-css-av-av_hr-ee95c4fe2dd482096c66667e9bb77bc9\">\n#top .hr.hr-invisible.av-av_hr-ee95c4fe2dd482096c66667e9bb77bc9{\nmargin-top:-20px;\nheight:1px;\n}\n<\/style>\n<div  class='hr av-av_hr-ee95c4fe2dd482096c66667e9bb77bc9 hr-invisible '><span class='hr-inner '><span class=\"hr-inner-style\"><\/span><\/span><\/div><br \/>\n<section  class='av_textblock_section av-av_textblock-401a0a9ab61b63ed666da6dea3082219 '  itemscope=\"itemscope\" itemtype=\"https:\/\/schema.org\/CreativeWork\" ><div class='avia_textblock t1 '  itemprop=\"text\" ><p>Fr\u00e5n Strandplan \u00e4r det n\u00e4ra till det som Stenungsund erbjuder, men ocks\u00e5 till kommunikationer med t\u00e5g och buss, som finns ett stenkast bort och med t\u00e5g tar det bara 45 minuter till G\u00f6teborg C. I omr\u00e5det Strandplan finns redan tandl\u00e4kare, restaurang, apotek, bank, m\u00e4klare, fris\u00f6r, matff\u00e4r, gym och mer d\u00e4rtill. V\u00e4lkommen att kontakta Martin Amnehag, <strong>0708-278 373<\/strong>, eller skicka e-post till <a href=\"mailto:martin@masetek.se\">martin@masetek.se<\/a> om du har fr\u00e5gor om vilka ytor som finns lediga eller kan skapas p\u00e5 Strandplan.<\/p>\n<\/div><\/section><br \/>\n\n<style type=\"text\/css\" data-created_by=\"avia_inline_auto\" id=\"style-css-av-av_hr-5ca9877b71e9c9b08aa2f47115800ed3\">\n#top .hr.hr-invisible.av-av_hr-5ca9877b71e9c9b08aa2f47115800ed3{\nheight:50px;\n}\n<\/style>\n<div  class='hr av-av_hr-5ca9877b71e9c9b08aa2f47115800ed3 hr-invisible '><span class='hr-inner '><span class=\"hr-inner-style\"><\/span><\/span><\/div><br \/>\n\n<style type=\"text\/css\" data-created_by=\"avia_inline_auto\" id=\"style-css-av-av_hr-5ca9877b71e9c9b08aa2f47115800ed3\">\n#top .hr.hr-invisible.av-av_hr-5ca9877b71e9c9b08aa2f47115800ed3{\nheight:50px;\n}\n<\/style>\n<div  class='hr av-av_hr-5ca9877b71e9c9b08aa2f47115800ed3 hr-invisible '><span class='hr-inner '><span class=\"hr-inner-style\"><\/span><\/span><\/div><\/p><\/div>\n<style type=\"text\/css\" data-created_by=\"avia_inline_auto\" id=\"style-css-av-ol170-20d47cfd64b7391447ae6e8da72a917d\">\n.flex_column.av-ol170-20d47cfd64b7391447ae6e8da72a917d{\nborder-radius:0px 0px 0px 0px;\n-webkit-border-radius:0px 0px 0px 0px;\n-moz-border-radius:0px 0px 0px 0px;\n}\n<\/style>\n<div class='flex_column av-ol170-20d47cfd64b7391447ae6e8da72a917d av_two_fifth flex_column_div av-zero-column-padding '   ><p>\n<style type=\"text\/css\" data-created_by=\"avia_inline_auto\" id=\"style-css-av-kwqeq01k-8174f8cbc0ca5ed27aa363c9a51fd0a5\">\n#top .hr.hr-invisible.av-kwqeq01k-8174f8cbc0ca5ed27aa363c9a51fd0a5{\nmargin-top:-50px;\nheight:1px;\n}\n<\/style>\n<div  class='hr av-kwqeq01k-8174f8cbc0ca5ed27aa363c9a51fd0a5 hr-invisible '><span class='hr-inner '><span class=\"hr-inner-style\"><\/span><\/span><\/div><br \/>\n\n<style type=\"text\/css\" data-created_by=\"avia_inline_auto\" id=\"style-css-av-av_image-d3dff13df3394bf5b11883f69a55e7e3\">\n.avia-image-container.av-av_image-d3dff13df3394bf5b11883f69a55e7e3 .av-image-caption-overlay-center{\ncolor:#ffffff;\n}\n<\/style>\n<div  class='avia-image-container av-av_image-d3dff13df3394bf5b11883f69a55e7e3 av-styling- avia-align-center '  itemprop=\"image\" itemscope=\"itemscope\" itemtype=\"https:\/\/schema.org\/ImageObject\" ><div class=\"avia-image-container-inner\"><div class=\"avia-image-overlay-wrap\"><img class='wp-image-101 avia-img-lazy-loading-not-101 avia_image' src=\"https:\/\/www.strandplan.se\/wp-content\/uploads\/2021\/11\/1307.jpg\" alt='' title=''  height=\"354\" width=\"800\"  itemprop=\"thumbnailUrl\" srcset=\"https:\/\/www.strandplan.se\/wp-content\/uploads\/2021\/11\/1307.jpg 800w, https:\/\/www.strandplan.se\/wp-content\/uploads\/2021\/11\/1307-300x133.jpg 300w, https:\/\/www.strandplan.se\/wp-content\/uploads\/2021\/11\/1307-768x340.jpg 768w, https:\/\/www.strandplan.se\/wp-content\/uploads\/2021\/11\/1307-705x312.jpg 705w, https:\/\/www.strandplan.se\/wp-content\/uploads\/2021\/11\/1307-450x199.jpg 450w\" sizes=\"(max-width: 800px) 100vw, 800px\" \/><\/div><\/div><\/div><br \/>\n\n<style type=\"text\/css\" data-created_by=\"avia_inline_auto\" id=\"style-css-av-av_image-5834f3bc662235128bfa12e2417e8ce2\">\n.avia-image-container.av-av_image-5834f3bc662235128bfa12e2417e8ce2 .av-image-caption-overlay-center{\ncolor:#ffffff;\n}\n<\/style>\n<div  class='avia-image-container av-av_image-5834f3bc662235128bfa12e2417e8ce2 av-styling- avia-align-center '  itemprop=\"image\" itemscope=\"itemscope\" itemtype=\"https:\/\/schema.org\/ImageObject\" ><div class=\"avia-image-container-inner\"><div class=\"avia-image-overlay-wrap\"><img class='wp-image-121 avia-img-lazy-loading-not-121 avia_image' src=\"https:\/\/www.strandplan.se\/wp-content\/uploads\/2021\/11\/1338.jpg\" alt='' title=''  height=\"480\" width=\"800\"  itemprop=\"thumbnailUrl\" srcset=\"https:\/\/www.strandplan.se\/wp-content\/uploads\/2021\/11\/1338.jpg 800w, https:\/\/www.strandplan.se\/wp-content\/uploads\/2021\/11\/1338-300x180.jpg 300w, https:\/\/www.strandplan.se\/wp-content\/uploads\/2021\/11\/1338-768x461.jpg 768w, https:\/\/www.strandplan.se\/wp-content\/uploads\/2021\/11\/1338-705x423.jpg 705w\" sizes=\"(max-width: 800px) 100vw, 800px\" \/><\/div><\/div><\/div><br \/>\n\n<style type=\"text\/css\" data-created_by=\"avia_inline_auto\" id=\"style-css-av-av_image-72652fa5e0b19b3f8a601e060efaa082\">\n.avia-image-container.av-av_image-72652fa5e0b19b3f8a601e060efaa082 .av-image-caption-overlay-center{\ncolor:#ffffff;\n}\n<\/style>\n<div  class='avia-image-container av-av_image-72652fa5e0b19b3f8a601e060efaa082 av-styling- avia-align-center '  itemprop=\"image\" itemscope=\"itemscope\" itemtype=\"https:\/\/schema.org\/ImageObject\" ><div class=\"avia-image-container-inner\"><div class=\"avia-image-overlay-wrap\"><img class='wp-image-100 avia-img-lazy-loading-not-100 avia_image' src=\"https:\/\/www.strandplan.se\/wp-content\/uploads\/2021\/11\/1306.jpg\" alt='' title=''  height=\"354\" width=\"800\"  itemprop=\"thumbnailUrl\" srcset=\"https:\/\/www.strandplan.se\/wp-content\/uploads\/2021\/11\/1306.jpg 800w, https:\/\/www.strandplan.se\/wp-content\/uploads\/2021\/11\/1306-300x133.jpg 300w, https:\/\/www.strandplan.se\/wp-content\/uploads\/2021\/11\/1306-768x340.jpg 768w, https:\/\/www.strandplan.se\/wp-content\/uploads\/2021\/11\/1306-705x312.jpg 705w, https:\/\/www.strandplan.se\/wp-content\/uploads\/2021\/11\/1306-450x199.jpg 450w\" sizes=\"(max-width: 800px) 100vw, 800px\" \/><\/div><\/div><\/div><br \/>\n<section  class='av_textblock_section av-3h30-dc6aa13f9398eadc80ee0e810aeba68f '  itemscope=\"itemscope\" itemtype=\"https:\/\/schema.org\/CreativeWork\" ><div class='avia_textblock '  itemprop=\"text\" ><\/div><\/section><\/p><\/div><\/p>\n","protected":false},"excerpt":{"rendered":"","protected":false},"author":2,"featured_media":0,"parent":0,"menu_order":0,"comment_status":"closed","ping_status":"closed","template":"","meta":[],"_links":{"self":[{"href":"https:\/\/www.strandplan.se\/index.php?rest_route=\/wp\/v2\/pages\/108"}],"collection":[{"href":"https:\/\/www.strandplan.se\/index.php?rest_route=\/wp\/v2\/pages"}],"about":[{"href":"https:\/\/www.strandplan.se\/index.php?rest_route=\/wp\/v2\/types\/page"}],"author":[{"embeddable":true,"href":"https:\/\/www.strandplan.se\/index.php?rest_route=\/wp\/v2\/users\/2"}],"replies":[{"embeddable":true,"href":"https:\/\/www.strandplan.se\/index.php?rest_route=%2Fwp%2Fv2%2Fcomments&post=108"}],"version-history":[{"count":10,"href":"https:\/\/www.strandplan.se\/index.php?rest_route=\/wp\/v2\/pages\/108\/revisions"}],"predecessor-version":[{"id":181,"href":"https:\/\/www.strandplan.se\/index.php?rest_route=\/wp\/v2\/pages\/108\/revisions\/181"}],"wp:attachment":[{"href":"https:\/\/www.strandplan.se\/index.php?rest_route=%2Fwp%2Fv2%2Fmedia&parent=108"}],"curies":[{"name":"wp","href":"https:\/\/api.w.org\/{rel}","templated":true}]}}